{"id":32,"date":"2025-07-04T20:06:43","date_gmt":"2025-07-04T20:06:43","guid":{"rendered":"https:\/\/hogarenlamontana.com\/?page_id=32"},"modified":"2025-09-03T16:31:46","modified_gmt":"2025-09-03T16:31:46","slug":"reservas-2","status":"publish","type":"page","link":"https:\/\/hogarenlamontana.com\/en\/reservas-2\/","title":{"rendered":"About Us"},"content":{"rendered":"<div data-elementor-type=\"wp-page\" data-elementor-id=\"32\" class=\"elementor elementor-32\" data-elementor-post-type=\"page\">\n\t\t\t\t<div class=\"elementor-element elementor-element-09d42df e-flex e-con-boxed e-con e-parent\" data-id=\"09d42df\" data-element_type=\"container\" data-e-type=\"container\" data-settings=\"{&quot;background_background&quot;:&quot;classic&quot;}\">\n\t\t\t\t\t<div class=\"e-con-inner\">\n\t\t\t\t<div class=\"elementor-element elementor-element-0517119 elementor-invisible elementor-widget elementor-widget-heading\" data-id=\"0517119\" data-element_type=\"widget\" data-e-type=\"widget\" data-settings=\"{&quot;_animation&quot;:&quot;fadeInUp&quot;}\" data-widget_type=\"heading.default\">\n\t\t\t\t\t<h2 class=\"elementor-heading-title elementor-size-default\">Hogar en la monta\u00f1a, un lugar para quedarse... enamorado.<\/h2>\t\t\t\t<\/div>\n\t\t\t\t\t<\/div>\n\t\t\t\t<\/div>\n\t\t<div class=\"elementor-element elementor-element-62c90b3 e-flex e-con-boxed e-con e-parent\" data-id=\"62c90b3\" data-element_type=\"container\" data-e-type=\"container\" data-settings=\"{&quot;background_background&quot;:&quot;classic&quot;}\">\n\t\t\t\t\t<div class=\"e-con-inner\">\n\t\t<div class=\"elementor-element elementor-element-e120899 e-con-full e-flex e-con e-child\" data-id=\"e120899\" data-element_type=\"container\" data-e-type=\"container\" data-settings=\"{&quot;animation_mobile&quot;:&quot;fadeInUp&quot;}\">\n\t\t\t\t<div class=\"elementor-element elementor-element-1bb1488 elementor-widget elementor-widget-image\" data-id=\"1bb1488\" data-element_type=\"widget\" data-e-type=\"widget\" data-widget_type=\"image.default\">\n\t\t\t\t\t\t\t\t\t\t\t\t\t\t\t<img fetchpriority=\"high\" decoding=\"async\" width=\"644\" height=\"616\" src=\"https:\/\/hogarenlamontana.com\/wp-content\/uploads\/2025\/09\/Esmeralda-y-Jaime.png\" class=\"attachment-large size-large wp-image-3377\" alt=\"\" srcset=\"https:\/\/hogarenlamontana.com\/wp-content\/uploads\/2025\/09\/Esmeralda-y-Jaime.png 644w, https:\/\/hogarenlamontana.com\/wp-content\/uploads\/2025\/09\/Esmeralda-y-Jaime-300x287.png 300w, https:\/\/hogarenlamontana.com\/wp-content\/uploads\/2025\/09\/Esmeralda-y-Jaime-13x12.png 13w, https:\/\/hogarenlamontana.com\/wp-content\/uploads\/2025\/09\/Esmeralda-y-Jaime-600x574.png 600w\" sizes=\"(max-width: 644px) 100vw, 644px\" \/>\t\t\t\t\t\t\t\t\t\t\t\t\t\t\t<\/div>\n\t\t\t\t<\/div>\n\t\t<div class=\"elementor-element elementor-element-ec22dc4 e-con-full e-flex e-con e-child\" data-id=\"ec22dc4\" data-element_type=\"container\" data-e-type=\"container\" data-settings=\"{&quot;animation_mobile&quot;:&quot;fadeInUp&quot;}\">\n\t\t\t\t<div class=\"elementor-element elementor-element-1bc4597b elementor-widget__width-initial elementor-widget elementor-widget-text-editor\" data-id=\"1bc4597b\" data-element_type=\"widget\" data-e-type=\"widget\" data-widget_type=\"text-editor.default\">\n\t\t\t\t\t\t\t\t\t<p data-start=\"144\" data-end=\"498\"><strong data-start=\"144\" data-end=\"498\">We are a married couple\u2014entrepreneurs and dreamers\u2014who one day decided to leave our beloved Bogot\u00e1, grateful for everything we had experienced, to search for a special place: peaceful, surrounded by nature, with a pleasant climate and close enough to the city to return whenever we wanted. We found that place in La Vega, Cundinamarca.<\/strong><\/p><p data-start=\"500\" data-end=\"737\">After years of traveling, we chose to make this little corner our new home\u2014and today, we want to share it with you.<br data-start=\"612\" data-end=\"615\" \/><strong data-start=\"615\" data-end=\"658\">Welcome to our \"Home Sweet Home\"<\/strong>\"...a place created for you to unwind, reconnect, and recharge.\"<\/p><p data-start=\"739\" data-end=\"775\"><img decoding=\"async\" class=\"emoji\" role=\"img\" draggable=\"false\" src=\"https:\/\/s.w.org\/images\/core\/emoji\/16.0.1\/svg\/2728.svg\" alt=\"\u2728\" \/> <strong data-start=\"741\" data-end=\"773\">Always recharging energy!<\/strong> <img decoding=\"async\" class=\"emoji\" role=\"img\" draggable=\"false\" src=\"https:\/\/s.w.org\/images\/core\/emoji\/16.0.1\/svg\/2728.svg\" alt=\"\u2728\" \/><\/p><p data-start=\"777\" data-end=\"1088\">Our purpose is to offer you a truly authentic wellness experience, starting with a restful stay in a cozy country house, surrounded by the whisper of the wind, the songs of birds, and the magic of nature.<br data-start=\"1006\" data-end=\"1009\" \/>And, of course, <strong data-start=\"1026\" data-end=\"1088\">With a delicious meal that soothes the soul.<\/strong><\/p>\t\t\t\t\t\t\t\t<\/div>\n\t\t\t\t<div class=\"elementor-element elementor-element-558239a elementor-widget__width-auto elementor-align-center elementor-invisible elementor-widget elementor-widget-button\" data-id=\"558239a\" data-element_type=\"widget\" data-e-type=\"widget\" data-settings=\"{&quot;_animation&quot;:&quot;fadeInUp&quot;}\" data-widget_type=\"button.default\">\n\t\t\t\t\t\t\t\t\t\t<a class=\"elementor-button elementor-button-link elementor-size-sm\" href=\"https:\/\/wa.me\/573164678483?text=Hola%2C%20me%20gustar\u00eda%20hacer%20una%20reserva%20y%20quer\u00eda%20saber%20sobre%20la%20disponibilidad.%20%C2%A1Gracias!\">\n\t\t\t\t\t\t<span class=\"elementor-button-content-wrapper\">\n\t\t\t\t\t\t\t\t\t<span class=\"elementor-button-text\">CONT\u00c1CTANOS<\/span>\n\t\t\t\t\t<\/span>\n\t\t\t\t\t<\/a>\n\t\t\t\t\t\t\t\t<\/div>\n\t\t\t\t<\/div>\n\t\t\t\t\t<\/div>\n\t\t\t\t<\/div>\n\t\t\t\t<\/div>","protected":false},"excerpt":{"rendered":"<p>Hogar en la monta\u00f1a, un lugar para quedarse&#8230; enamorado. Somos una pareja de esposos, emprendedores y so\u00f1adores, que un d\u00eda decidi\u00f3 dejar su querida Bogot\u00e1 \u2014agradecidos por todo lo vivido\u2014 para ir en busca de un lugar especial: tranquilo, rodeado de naturaleza, con un clima agradable y lo suficientemente cerca de la ciudad para volver [&hellip;]<\/p>\n","protected":false},"author":1,"featured_media":0,"parent":0,"menu_order":0,"comment_status":"closed","ping_status":"closed","template":"","meta":{"footnotes":""},"class_list":["post-32","page","type-page","status-publish","hentry"],"_links":{"self":[{"href":"https:\/\/hogarenlamontana.com\/en\/wp-json\/wp\/v2\/pages\/32","targetHints":{"allow":["GET"]}}],"collection":[{"href":"https:\/\/hogarenlamontana.com\/en\/wp-json\/wp\/v2\/pages"}],"about":[{"href":"https:\/\/hogarenlamontana.com\/en\/wp-json\/wp\/v2\/types\/page"}],"author":[{"embeddable":true,"href":"https:\/\/hogarenlamontana.com\/en\/wp-json\/wp\/v2\/users\/1"}],"replies":[{"embeddable":true,"href":"https:\/\/hogarenlamontana.com\/en\/wp-json\/wp\/v2\/comments?post=32"}],"version-history":[{"count":0,"href":"https:\/\/hogarenlamontana.com\/en\/wp-json\/wp\/v2\/pages\/32\/revisions"}],"wp:attachment":[{"href":"https:\/\/hogarenlamontana.com\/en\/wp-json\/wp\/v2\/media?parent=32"}],"curies":[{"name":"wp","href":"https:\/\/api.w.org\/{rel}","templated":true}]}}