{"id":2992,"date":"2025-09-01T16:26:46","date_gmt":"2025-09-01T16:26:46","guid":{"rendered":"https:\/\/hogarenlamontana.com\/?page_id=2992"},"modified":"2025-11-07T19:16:28","modified_gmt":"2025-11-07T19:16:28","slug":"restaurante-hogar-en-la-montana","status":"publish","type":"page","link":"https:\/\/hogarenlamontana.com\/en\/restaurante-hogar-en-la-montana\/","title":{"rendered":"Restaurante Hogar en la Monta\u00f1a"},"content":{"rendered":"<div data-elementor-type=\"wp-page\" data-elementor-id=\"2992\" class=\"elementor elementor-2992\" data-elementor-post-type=\"page\">\n\t\t\t\t<div class=\"elementor-element elementor-element-a90388d e-con-full e-flex e-con e-parent\" data-id=\"a90388d\" data-element_type=\"container\" data-e-type=\"container\" data-settings=\"{&quot;background_background&quot;:&quot;classic&quot;}\">\n\t\t<div class=\"elementor-element elementor-element-fdfdcbd e-con-full e-flex elementor-invisible e-con e-child\" data-id=\"fdfdcbd\" data-element_type=\"container\" data-e-type=\"container\" data-settings=\"{&quot;background_background&quot;:&quot;gradient&quot;,&quot;animation&quot;:&quot;fadeInUp&quot;}\">\n\t\t\t\t<div class=\"elementor-element elementor-element-0b25f55 elementor-widget elementor-widget-heading\" data-id=\"0b25f55\" data-element_type=\"widget\" data-e-type=\"widget\" data-widget_type=\"heading.default\">\n\t\t\t\t\t<h1 class=\"elementor-heading-title elementor-size-default\">Restaurant<\/h1>\t\t\t\t<\/div>\n\t\t\t\t<div class=\"elementor-element elementor-element-16c8f6b elementor-widget elementor-widget-text-editor\" data-id=\"16c8f6b\" data-element_type=\"widget\" data-e-type=\"widget\" data-widget_type=\"text-editor.default\">\n\t\t\t\t\t\t\t\t\t<p>Breakfast, Lunches and Dinners<\/p>\t\t\t\t\t\t\t\t<\/div>\n\t\t\t\t<\/div>\n\t\t\t\t<\/div>\n\t\t<div class=\"elementor-element elementor-element-718ab98 e-con-full e-flex e-con e-parent\" data-id=\"718ab98\" data-element_type=\"container\" data-e-type=\"container\">\n\t\t\t\t<div class=\"elementor-element elementor-element-41eb431 elementor-invisible elementor-widget elementor-widget-text-editor\" data-id=\"41eb431\" data-element_type=\"widget\" data-e-type=\"widget\" data-settings=\"{&quot;_animation&quot;:&quot;fadeInUp&quot;}\" data-widget_type=\"text-editor.default\">\n\t\t\t\t\t\t\t\t\t<p>\ud83c\udf3f Cocina casera, natural y con prop\u00f3sito. Cada plato est\u00e1 pensado para nutrir el cuerpo y el alma, en armon\u00eda con el entorno y con la calidez de estar en casa.<\/p>\t\t\t\t\t\t\t\t<\/div>\n\t\t\t\t<div class=\"elementor-element elementor-element-b8ed1cf elementor-align-center elementor-invisible elementor-widget elementor-widget-button\" data-id=\"b8ed1cf\" data-element_type=\"widget\" data-e-type=\"widget\" data-settings=\"{&quot;_animation&quot;:&quot;fadeInUp&quot;}\" data-widget_type=\"button.default\">\n\t\t\t\t\t\t\t\t\t\t<a class=\"elementor-button elementor-button-link elementor-size-sm\" href=\"https:\/\/hogarenlamontana.com\/wp-content\/uploads\/2025\/11\/Menu-Completo-Hogar-en-la-montana.pdf\" target=\"_blank\">\n\t\t\t\t\t\t<span class=\"elementor-button-content-wrapper\">\n\t\t\t\t\t\t\t\t\t<span class=\"elementor-button-text\">Ver Men\u00fa<\/span>\n\t\t\t\t\t<\/span>\n\t\t\t\t\t<\/a>\n\t\t\t\t\t\t\t\t<\/div>\n\t\t\t\t<\/div>\n\t\t<div class=\"elementor-element elementor-element-57b5d17 e-flex e-con-boxed e-con e-parent\" data-id=\"57b5d17\" data-element_type=\"container\" data-e-type=\"container\">\n\t\t\t\t\t<div class=\"e-con-inner\">\n\t\t\t\t<div class=\"elementor-element elementor-element-6f03ea1 elementor-widget elementor-widget-spacer\" data-id=\"6f03ea1\" data-element_type=\"widget\" data-e-type=\"widget\" data-widget_type=\"spacer.default\">\n\t\t\t\t\t\t\t<div class=\"elementor-spacer\">\n\t\t\t<div class=\"elementor-spacer-inner\"><\/div>\n\t\t<\/div>\n\t\t\t\t\t\t<\/div>\n\t\t\t\t\t<\/div>\n\t\t\t\t<\/div>\n\t\t<div class=\"elementor-element elementor-element-d0e3428 e-con-full e-flex e-con e-parent\" data-id=\"d0e3428\" data-element_type=\"container\" data-e-type=\"container\" data-settings=\"{&quot;background_background&quot;:&quot;classic&quot;}\">\n\t\t<div class=\"elementor-element elementor-element-e17c669 e-grid e-con-boxed elementor-invisible e-con e-child\" data-id=\"e17c669\" data-element_type=\"container\" data-e-type=\"container\" data-settings=\"{&quot;animation&quot;:&quot;fadeInUp&quot;}\">\n\t\t\t\t\t<div class=\"e-con-inner\">\n\t\t<div class=\"elementor-element elementor-element-306580a e-con-full e-flex e-con e-child\" data-id=\"306580a\" data-element_type=\"container\" data-e-type=\"container\" data-settings=\"{&quot;background_background&quot;:&quot;classic&quot;,&quot;animation&quot;:&quot;none&quot;}\">\n\t\t\t\t<div class=\"elementor-element elementor-element-b7b958e elementor-widget elementor-widget-image-box\" data-id=\"b7b958e\" data-element_type=\"widget\" data-e-type=\"widget\" data-widget_type=\"image-box.default\">\n\t\t\t\t\t<div class=\"elementor-image-box-wrapper\"><div class=\"elementor-image-box-content\"><h3 class=\"elementor-image-box-title\">Salm\u00f3n<\/h3><p class=\"elementor-image-box-description\">Marinado con adobo del Hogar, dorado en aceite de oliva, ajonjol\u00ed, finas hierbas.<\/p><\/div><\/div>\t\t\t\t<\/div>\n\t\t\t\t<div class=\"elementor-element elementor-element-88e3021 elementor-widget-divider--view-line elementor-widget elementor-widget-divider\" data-id=\"88e3021\" data-element_type=\"widget\" data-e-type=\"widget\" data-widget_type=\"divider.default\">\n\t\t\t\t\t\t\t<div class=\"elementor-divider\">\n\t\t\t<span class=\"elementor-divider-separator\">\n\t\t\t\t\t\t<\/span>\n\t\t<\/div>\n\t\t\t\t\t\t<\/div>\n\t\t\t\t<div class=\"elementor-element elementor-element-f9d82f8 elementor-widget elementor-widget-heading\" data-id=\"f9d82f8\" data-element_type=\"widget\" data-e-type=\"widget\" data-widget_type=\"heading.default\">\n\t\t\t\t\t<h3 class=\"elementor-heading-title elementor-size-default\">$44.900<\/h3>\t\t\t\t<\/div>\n\t\t\t\t<div class=\"elementor-element elementor-element-b5b32f8 elementor-widget-divider--view-line elementor-widget elementor-widget-divider\" data-id=\"b5b32f8\" data-element_type=\"widget\" data-e-type=\"widget\" data-widget_type=\"divider.default\">\n\t\t\t\t\t\t\t<div class=\"elementor-divider\">\n\t\t\t<span class=\"elementor-divider-separator\">\n\t\t\t\t\t\t<\/span>\n\t\t<\/div>\n\t\t\t\t\t\t<\/div>\n\t\t\t\t<\/div>\n\t\t<div class=\"elementor-element elementor-element-14c12d4 e-con-full e-flex e-con e-child\" data-id=\"14c12d4\" data-element_type=\"container\" data-e-type=\"container\">\n\t\t\t\t<div class=\"elementor-element elementor-element-cf27bbb elementor-widget elementor-widget-image\" data-id=\"cf27bbb\" data-element_type=\"widget\" data-e-type=\"widget\" data-widget_type=\"image.default\">\n\t\t\t\t\t\t\t\t\t\t\t\t\t\t\t<img fetchpriority=\"high\" decoding=\"async\" width=\"768\" height=\"768\" src=\"https:\/\/hogarenlamontana.com\/wp-content\/uploads\/2025\/07\/food1-768x768.jpg\" class=\"attachment-medium_large size-medium_large wp-image-900\" alt=\"\" srcset=\"https:\/\/hogarenlamontana.com\/wp-content\/uploads\/2025\/07\/food1-768x768.jpg 768w, https:\/\/hogarenlamontana.com\/wp-content\/uploads\/2025\/07\/food1-300x300.jpg 300w, https:\/\/hogarenlamontana.com\/wp-content\/uploads\/2025\/07\/food1-100x100.jpg 100w, https:\/\/hogarenlamontana.com\/wp-content\/uploads\/2025\/07\/food1-600x600.jpg 600w, https:\/\/hogarenlamontana.com\/wp-content\/uploads\/2025\/07\/food1-1024x1024.jpg 1024w, https:\/\/hogarenlamontana.com\/wp-content\/uploads\/2025\/07\/food1-150x150.jpg 150w, https:\/\/hogarenlamontana.com\/wp-content\/uploads\/2025\/07\/food1.jpg 1120w\" sizes=\"(max-width: 768px) 100vw, 768px\" \/>\t\t\t\t\t\t\t\t\t\t\t\t\t\t\t<\/div>\n\t\t\t\t<\/div>\n\t\t<div class=\"elementor-element elementor-element-a16206c e-con-full e-flex e-con e-child\" data-id=\"a16206c\" data-element_type=\"container\" data-e-type=\"container\" data-settings=\"{&quot;background_background&quot;:&quot;classic&quot;}\">\n\t\t\t\t<div class=\"elementor-element elementor-element-2255231 elementor-widget elementor-widget-image-box\" data-id=\"2255231\" data-element_type=\"widget\" data-e-type=\"widget\" data-widget_type=\"image-box.default\">\n\t\t\t\t\t<div class=\"elementor-image-box-wrapper\"><div class=\"elementor-image-box-content\"><div class=\"elementor-image-box-title\">PECHUGA DE POLLO<\/div><p class=\"elementor-image-box-description\">A la plancha marinada con ajo machacado, aceite de oliva, saborizado al achote, pimienta de cayena y finas hierbas.<\/p><\/div><\/div>\t\t\t\t<\/div>\n\t\t\t\t<div class=\"elementor-element elementor-element-7ae0bdf elementor-widget-divider--view-line elementor-widget elementor-widget-divider\" data-id=\"7ae0bdf\" data-element_type=\"widget\" data-e-type=\"widget\" data-widget_type=\"divider.default\">\n\t\t\t\t\t\t\t<div class=\"elementor-divider\">\n\t\t\t<span class=\"elementor-divider-separator\">\n\t\t\t\t\t\t<\/span>\n\t\t<\/div>\n\t\t\t\t\t\t<\/div>\n\t\t\t\t<div class=\"elementor-element elementor-element-4c40202 elementor-widget elementor-widget-heading\" data-id=\"4c40202\" data-element_type=\"widget\" data-e-type=\"widget\" data-widget_type=\"heading.default\">\n\t\t\t\t\t<h3 class=\"elementor-heading-title elementor-size-default\">$27.900<\/h3>\t\t\t\t<\/div>\n\t\t\t\t<div class=\"elementor-element elementor-element-c437efe elementor-widget-divider--view-line elementor-widget elementor-widget-divider\" data-id=\"c437efe\" data-element_type=\"widget\" data-e-type=\"widget\" data-widget_type=\"divider.default\">\n\t\t\t\t\t\t\t<div class=\"elementor-divider\">\n\t\t\t<span class=\"elementor-divider-separator\">\n\t\t\t\t\t\t<\/span>\n\t\t<\/div>\n\t\t\t\t\t\t<\/div>\n\t\t\t\t<\/div>\n\t\t<div class=\"elementor-element elementor-element-5282687 e-con-full e-flex e-con e-child\" data-id=\"5282687\" data-element_type=\"container\" data-e-type=\"container\">\n\t\t\t\t<div class=\"elementor-element elementor-element-3c94fd8 elementor-widget elementor-widget-image\" data-id=\"3c94fd8\" data-element_type=\"widget\" data-e-type=\"widget\" data-widget_type=\"image.default\">\n\t\t\t\t\t\t\t\t\t\t\t\t\t\t\t<img decoding=\"async\" width=\"768\" height=\"768\" src=\"https:\/\/hogarenlamontana.com\/wp-content\/uploads\/2025\/07\/food2-768x768.jpg\" class=\"attachment-medium_large size-medium_large wp-image-901\" alt=\"\" srcset=\"https:\/\/hogarenlamontana.com\/wp-content\/uploads\/2025\/07\/food2-768x768.jpg 768w, https:\/\/hogarenlamontana.com\/wp-content\/uploads\/2025\/07\/food2-300x300.jpg 300w, https:\/\/hogarenlamontana.com\/wp-content\/uploads\/2025\/07\/food2-100x100.jpg 100w, https:\/\/hogarenlamontana.com\/wp-content\/uploads\/2025\/07\/food2-600x600.jpg 600w, https:\/\/hogarenlamontana.com\/wp-content\/uploads\/2025\/07\/food2-1024x1024.jpg 1024w, https:\/\/hogarenlamontana.com\/wp-content\/uploads\/2025\/07\/food2-150x150.jpg 150w, https:\/\/hogarenlamontana.com\/wp-content\/uploads\/2025\/07\/food2.jpg 1120w\" sizes=\"(max-width: 768px) 100vw, 768px\" \/>\t\t\t\t\t\t\t\t\t\t\t\t\t\t\t<\/div>\n\t\t\t\t<\/div>\n\t\t<div class=\"elementor-element elementor-element-40bc192 e-con-full e-flex e-con e-child\" data-id=\"40bc192\" data-element_type=\"container\" data-e-type=\"container\" data-settings=\"{&quot;background_background&quot;:&quot;classic&quot;}\">\n\t\t\t\t<div class=\"elementor-element elementor-element-854b0e5 elementor-widget elementor-widget-image-box\" data-id=\"854b0e5\" data-element_type=\"widget\" data-e-type=\"widget\" data-widget_type=\"image-box.default\">\n\t\t\t\t\t<div class=\"elementor-image-box-wrapper\"><div class=\"elementor-image-box-content\"><h3 class=\"elementor-image-box-title\">ENSALADA ESPECIAL<\/h3><p class=\"elementor-image-box-description\">Ensalada grande con aguacate o waldorf.<\/p><\/div><\/div>\t\t\t\t<\/div>\n\t\t\t\t<div class=\"elementor-element elementor-element-2e6273d elementor-widget-divider--view-line elementor-widget elementor-widget-divider\" data-id=\"2e6273d\" data-element_type=\"widget\" data-e-type=\"widget\" data-widget_type=\"divider.default\">\n\t\t\t\t\t\t\t<div class=\"elementor-divider\">\n\t\t\t<span class=\"elementor-divider-separator\">\n\t\t\t\t\t\t<\/span>\n\t\t<\/div>\n\t\t\t\t\t\t<\/div>\n\t\t\t\t<div class=\"elementor-element elementor-element-c14fbed elementor-widget elementor-widget-heading\" data-id=\"c14fbed\" data-element_type=\"widget\" data-e-type=\"widget\" data-widget_type=\"heading.default\">\n\t\t\t\t\t<h3 class=\"elementor-heading-title elementor-size-default\">$12.900<\/h3>\t\t\t\t<\/div>\n\t\t\t\t<div class=\"elementor-element elementor-element-a427349 elementor-widget-divider--view-line elementor-widget elementor-widget-divider\" data-id=\"a427349\" data-element_type=\"widget\" data-e-type=\"widget\" data-widget_type=\"divider.default\">\n\t\t\t\t\t\t\t<div class=\"elementor-divider\">\n\t\t\t<span class=\"elementor-divider-separator\">\n\t\t\t\t\t\t<\/span>\n\t\t<\/div>\n\t\t\t\t\t\t<\/div>\n\t\t\t\t<\/div>\n\t\t<div class=\"elementor-element elementor-element-1f7976e e-con-full e-flex e-con e-child\" data-id=\"1f7976e\" data-element_type=\"container\" data-e-type=\"container\">\n\t\t\t\t<div class=\"elementor-element elementor-element-d54f680 elementor-widget elementor-widget-image\" data-id=\"d54f680\" data-element_type=\"widget\" data-e-type=\"widget\" data-widget_type=\"image.default\">\n\t\t\t\t\t\t\t\t\t\t\t\t\t\t\t<img decoding=\"async\" width=\"768\" height=\"768\" src=\"https:\/\/hogarenlamontana.com\/wp-content\/uploads\/2025\/07\/food3-768x768.jpg\" class=\"attachment-medium_large size-medium_large wp-image-902\" alt=\"\" srcset=\"https:\/\/hogarenlamontana.com\/wp-content\/uploads\/2025\/07\/food3-768x768.jpg 768w, https:\/\/hogarenlamontana.com\/wp-content\/uploads\/2025\/07\/food3-300x300.jpg 300w, https:\/\/hogarenlamontana.com\/wp-content\/uploads\/2025\/07\/food3-100x100.jpg 100w, https:\/\/hogarenlamontana.com\/wp-content\/uploads\/2025\/07\/food3-600x600.jpg 600w, https:\/\/hogarenlamontana.com\/wp-content\/uploads\/2025\/07\/food3-1024x1024.jpg 1024w, https:\/\/hogarenlamontana.com\/wp-content\/uploads\/2025\/07\/food3-150x150.jpg 150w, https:\/\/hogarenlamontana.com\/wp-content\/uploads\/2025\/07\/food3.jpg 1120w\" sizes=\"(max-width: 768px) 100vw, 768px\" \/>\t\t\t\t\t\t\t\t\t\t\t\t\t\t\t<\/div>\n\t\t\t\t<\/div>\n\t\t\t\t\t<\/div>\n\t\t\t\t<\/div>\n\t\t<div class=\"elementor-element elementor-element-f67ef96 e-grid e-con-boxed e-con e-child\" data-id=\"f67ef96\" data-element_type=\"container\" data-e-type=\"container\">\n\t\t\t\t\t<div class=\"e-con-inner\">\n\t\t<div class=\"elementor-element elementor-element-281408e e-con-full e-flex e-con e-child\" data-id=\"281408e\" data-element_type=\"container\" data-e-type=\"container\" data-settings=\"{&quot;background_background&quot;:&quot;classic&quot;}\">\n\t\t\t\t<div class=\"elementor-element elementor-element-67a8394 elementor-widget elementor-widget-image-box\" data-id=\"67a8394\" data-element_type=\"widget\" data-e-type=\"widget\" data-widget_type=\"image-box.default\">\n\t\t\t\t\t<div class=\"elementor-image-box-wrapper\"><div class=\"elementor-image-box-content\"><h3 class=\"elementor-image-box-title\">CHURRASCO<\/h3><p class=\"elementor-image-box-description\">A la plancha con adobo del hogar marinado con ajo, finas hierbas y ajonjol\u00ed.<\/p><\/div><\/div>\t\t\t\t<\/div>\n\t\t\t\t<div class=\"elementor-element elementor-element-6191725 elementor-widget-divider--view-line elementor-widget elementor-widget-divider\" data-id=\"6191725\" data-element_type=\"widget\" data-e-type=\"widget\" data-widget_type=\"divider.default\">\n\t\t\t\t\t\t\t<div class=\"elementor-divider\">\n\t\t\t<span class=\"elementor-divider-separator\">\n\t\t\t\t\t\t<\/span>\n\t\t<\/div>\n\t\t\t\t\t\t<\/div>\n\t\t\t\t<div class=\"elementor-element elementor-element-a136794 elementor-widget elementor-widget-heading\" data-id=\"a136794\" data-element_type=\"widget\" data-e-type=\"widget\" data-widget_type=\"heading.default\">\n\t\t\t\t\t<h3 class=\"elementor-heading-title elementor-size-default\">$30.900<\/h3>\t\t\t\t<\/div>\n\t\t\t\t<div class=\"elementor-element elementor-element-67e76b4 elementor-widget-divider--view-line elementor-widget elementor-widget-divider\" data-id=\"67e76b4\" data-element_type=\"widget\" data-e-type=\"widget\" data-widget_type=\"divider.default\">\n\t\t\t\t\t\t\t<div class=\"elementor-divider\">\n\t\t\t<span class=\"elementor-divider-separator\">\n\t\t\t\t\t\t<\/span>\n\t\t<\/div>\n\t\t\t\t\t\t<\/div>\n\t\t\t\t<\/div>\n\t\t<div class=\"elementor-element elementor-element-908d341 e-con-full e-flex e-con e-child\" data-id=\"908d341\" data-element_type=\"container\" data-e-type=\"container\">\n\t\t\t\t<div class=\"elementor-element elementor-element-3158701 elementor-widget elementor-widget-image\" data-id=\"3158701\" data-element_type=\"widget\" data-e-type=\"widget\" data-widget_type=\"image.default\">\n\t\t\t\t\t\t\t\t\t\t\t\t\t\t\t<img fetchpriority=\"high\" decoding=\"async\" width=\"768\" height=\"768\" src=\"https:\/\/hogarenlamontana.com\/wp-content\/uploads\/2025\/07\/food1-768x768.jpg\" class=\"attachment-medium_large size-medium_large wp-image-900\" alt=\"\" srcset=\"https:\/\/hogarenlamontana.com\/wp-content\/uploads\/2025\/07\/food1-768x768.jpg 768w, https:\/\/hogarenlamontana.com\/wp-content\/uploads\/2025\/07\/food1-300x300.jpg 300w, https:\/\/hogarenlamontana.com\/wp-content\/uploads\/2025\/07\/food1-100x100.jpg 100w, https:\/\/hogarenlamontana.com\/wp-content\/uploads\/2025\/07\/food1-600x600.jpg 600w, https:\/\/hogarenlamontana.com\/wp-content\/uploads\/2025\/07\/food1-1024x1024.jpg 1024w, https:\/\/hogarenlamontana.com\/wp-content\/uploads\/2025\/07\/food1-150x150.jpg 150w, https:\/\/hogarenlamontana.com\/wp-content\/uploads\/2025\/07\/food1.jpg 1120w\" sizes=\"(max-width: 768px) 100vw, 768px\" \/>\t\t\t\t\t\t\t\t\t\t\t\t\t\t\t<\/div>\n\t\t\t\t<\/div>\n\t\t<div class=\"elementor-element elementor-element-d723009 e-con-full e-flex e-con e-child\" data-id=\"d723009\" data-element_type=\"container\" data-e-type=\"container\" data-settings=\"{&quot;background_background&quot;:&quot;classic&quot;}\">\n\t\t\t\t<div class=\"elementor-element elementor-element-d8ff7f4 elementor-widget elementor-widget-image-box\" data-id=\"d8ff7f4\" data-element_type=\"widget\" data-e-type=\"widget\" data-widget_type=\"image-box.default\">\n\t\t\t\t\t<div class=\"elementor-image-box-wrapper\"><div class=\"elementor-image-box-content\"><h3 class=\"elementor-image-box-title\">Crema de vegetales<\/h3><p class=\"elementor-image-box-description\">Salm\u00f3n con berenjenas asadas, y. vegetales.<\/p><\/div><\/div>\t\t\t\t<\/div>\n\t\t\t\t<div class=\"elementor-element elementor-element-aa80a94 elementor-widget-divider--view-line elementor-widget elementor-widget-divider\" data-id=\"aa80a94\" data-element_type=\"widget\" data-e-type=\"widget\" data-widget_type=\"divider.default\">\n\t\t\t\t\t\t\t<div class=\"elementor-divider\">\n\t\t\t<span class=\"elementor-divider-separator\">\n\t\t\t\t\t\t<\/span>\n\t\t<\/div>\n\t\t\t\t\t\t<\/div>\n\t\t\t\t<div class=\"elementor-element elementor-element-f68c650 elementor-widget elementor-widget-heading\" data-id=\"f68c650\" data-element_type=\"widget\" data-e-type=\"widget\" data-widget_type=\"heading.default\">\n\t\t\t\t\t<h3 class=\"elementor-heading-title elementor-size-default\">$12.900<\/h3>\t\t\t\t<\/div>\n\t\t\t\t<div class=\"elementor-element elementor-element-8b26eba elementor-widget-divider--view-line elementor-widget elementor-widget-divider\" data-id=\"8b26eba\" data-element_type=\"widget\" data-e-type=\"widget\" data-widget_type=\"divider.default\">\n\t\t\t\t\t\t\t<div class=\"elementor-divider\">\n\t\t\t<span class=\"elementor-divider-separator\">\n\t\t\t\t\t\t<\/span>\n\t\t<\/div>\n\t\t\t\t\t\t<\/div>\n\t\t\t\t<\/div>\n\t\t<div class=\"elementor-element elementor-element-c973369 e-con-full e-flex e-con e-child\" data-id=\"c973369\" data-element_type=\"container\" data-e-type=\"container\">\n\t\t\t\t<div class=\"elementor-element elementor-element-8973049 elementor-widget elementor-widget-image\" data-id=\"8973049\" data-element_type=\"widget\" data-e-type=\"widget\" data-widget_type=\"image.default\">\n\t\t\t\t\t\t\t\t\t\t\t\t\t\t\t<img fetchpriority=\"high\" decoding=\"async\" width=\"768\" height=\"768\" src=\"https:\/\/hogarenlamontana.com\/wp-content\/uploads\/2025\/07\/food1-768x768.jpg\" class=\"attachment-medium_large size-medium_large wp-image-900\" alt=\"\" srcset=\"https:\/\/hogarenlamontana.com\/wp-content\/uploads\/2025\/07\/food1-768x768.jpg 768w, https:\/\/hogarenlamontana.com\/wp-content\/uploads\/2025\/07\/food1-300x300.jpg 300w, https:\/\/hogarenlamontana.com\/wp-content\/uploads\/2025\/07\/food1-100x100.jpg 100w, https:\/\/hogarenlamontana.com\/wp-content\/uploads\/2025\/07\/food1-600x600.jpg 600w, https:\/\/hogarenlamontana.com\/wp-content\/uploads\/2025\/07\/food1-1024x1024.jpg 1024w, https:\/\/hogarenlamontana.com\/wp-content\/uploads\/2025\/07\/food1-150x150.jpg 150w, https:\/\/hogarenlamontana.com\/wp-content\/uploads\/2025\/07\/food1.jpg 1120w\" sizes=\"(max-width: 768px) 100vw, 768px\" \/>\t\t\t\t\t\t\t\t\t\t\t\t\t\t\t<\/div>\n\t\t\t\t<\/div>\n\t\t<div class=\"elementor-element elementor-element-c1a2cd3 e-con-full e-flex e-con e-child\" data-id=\"c1a2cd3\" data-element_type=\"container\" data-e-type=\"container\" data-settings=\"{&quot;background_background&quot;:&quot;classic&quot;}\">\n\t\t\t\t<div class=\"elementor-element elementor-element-533f448 elementor-widget elementor-widget-image-box\" data-id=\"533f448\" data-element_type=\"widget\" data-e-type=\"widget\" data-widget_type=\"image-box.default\">\n\t\t\t\t\t<div class=\"elementor-image-box-wrapper\"><div class=\"elementor-image-box-content\"><h3 class=\"elementor-image-box-title\">Arroz con camarones <\/h3><p class=\"elementor-image-box-description\">Arroz parbolizado cocido con arveja verde, zanahoria en acite de oliva mezclado con camarones marinados y salteados en aceite de coco.<\/p><\/div><\/div>\t\t\t\t<\/div>\n\t\t\t\t<div class=\"elementor-element elementor-element-406737a elementor-widget-divider--view-line elementor-widget elementor-widget-divider\" data-id=\"406737a\" data-element_type=\"widget\" data-e-type=\"widget\" data-widget_type=\"divider.default\">\n\t\t\t\t\t\t\t<div class=\"elementor-divider\">\n\t\t\t<span class=\"elementor-divider-separator\">\n\t\t\t\t\t\t<\/span>\n\t\t<\/div>\n\t\t\t\t\t\t<\/div>\n\t\t\t\t<div class=\"elementor-element elementor-element-2557786 elementor-widget elementor-widget-heading\" data-id=\"2557786\" data-element_type=\"widget\" data-e-type=\"widget\" data-widget_type=\"heading.default\">\n\t\t\t\t\t<h3 class=\"elementor-heading-title elementor-size-default\">$35.900<\/h3>\t\t\t\t<\/div>\n\t\t\t\t<div class=\"elementor-element elementor-element-874e31c elementor-widget-divider--view-line elementor-widget elementor-widget-divider\" data-id=\"874e31c\" data-element_type=\"widget\" data-e-type=\"widget\" data-widget_type=\"divider.default\">\n\t\t\t\t\t\t\t<div class=\"elementor-divider\">\n\t\t\t<span class=\"elementor-divider-separator\">\n\t\t\t\t\t\t<\/span>\n\t\t<\/div>\n\t\t\t\t\t\t<\/div>\n\t\t\t\t<\/div>\n\t\t<div class=\"elementor-element elementor-element-f2f7141 e-con-full e-flex e-con e-child\" data-id=\"f2f7141\" data-element_type=\"container\" data-e-type=\"container\">\n\t\t\t\t<div class=\"elementor-element elementor-element-df44b0a elementor-widget elementor-widget-image\" data-id=\"df44b0a\" data-element_type=\"widget\" data-e-type=\"widget\" data-widget_type=\"image.default\">\n\t\t\t\t\t\t\t\t\t\t\t\t\t\t\t<img fetchpriority=\"high\" decoding=\"async\" width=\"768\" height=\"768\" src=\"https:\/\/hogarenlamontana.com\/wp-content\/uploads\/2025\/07\/food1-768x768.jpg\" class=\"attachment-medium_large size-medium_large wp-image-900\" alt=\"\" srcset=\"https:\/\/hogarenlamontana.com\/wp-content\/uploads\/2025\/07\/food1-768x768.jpg 768w, https:\/\/hogarenlamontana.com\/wp-content\/uploads\/2025\/07\/food1-300x300.jpg 300w, https:\/\/hogarenlamontana.com\/wp-content\/uploads\/2025\/07\/food1-100x100.jpg 100w, https:\/\/hogarenlamontana.com\/wp-content\/uploads\/2025\/07\/food1-600x600.jpg 600w, https:\/\/hogarenlamontana.com\/wp-content\/uploads\/2025\/07\/food1-1024x1024.jpg 1024w, https:\/\/hogarenlamontana.com\/wp-content\/uploads\/2025\/07\/food1-150x150.jpg 150w, https:\/\/hogarenlamontana.com\/wp-content\/uploads\/2025\/07\/food1.jpg 1120w\" sizes=\"(max-width: 768px) 100vw, 768px\" \/>\t\t\t\t\t\t\t\t\t\t\t\t\t\t\t<\/div>\n\t\t\t\t<\/div>\n\t\t\t\t\t<\/div>\n\t\t\t\t<\/div>\n\t\t\t\t<\/div>\n\t\t\t\t<\/div>","protected":false},"excerpt":{"rendered":"<p>Restaurante Desayunos, Almuerzos y Cenas. \ud83c\udf3f Cocina casera, natural y con prop\u00f3sito. Cada plato est\u00e1 pensado para nutrir el cuerpo y el alma, en armon\u00eda con el entorno y con la calidez de estar en casa. Ver Men\u00fa Salm\u00f3n Marinado con adobo del Hogar, dorado en aceite de oliva, ajonjol\u00ed, finas hierbas. $44.900 PECHUGA DE [&hellip;]<\/p>\n","protected":false},"author":1,"featured_media":0,"parent":0,"menu_order":0,"comment_status":"closed","ping_status":"closed","template":"","meta":{"footnotes":""},"class_list":["post-2992","page","type-page","status-publish","hentry"],"_links":{"self":[{"href":"https:\/\/hogarenlamontana.com\/en\/wp-json\/wp\/v2\/pages\/2992","targetHints":{"allow":["GET"]}}],"collection":[{"href":"https:\/\/hogarenlamontana.com\/en\/wp-json\/wp\/v2\/pages"}],"about":[{"href":"https:\/\/hogarenlamontana.com\/en\/wp-json\/wp\/v2\/types\/page"}],"author":[{"embeddable":true,"href":"https:\/\/hogarenlamontana.com\/en\/wp-json\/wp\/v2\/users\/1"}],"replies":[{"embeddable":true,"href":"https:\/\/hogarenlamontana.com\/en\/wp-json\/wp\/v2\/comments?post=2992"}],"version-history":[{"count":3,"href":"https:\/\/hogarenlamontana.com\/en\/wp-json\/wp\/v2\/pages\/2992\/revisions"}],"predecessor-version":[{"id":3517,"href":"https:\/\/hogarenlamontana.com\/en\/wp-json\/wp\/v2\/pages\/2992\/revisions\/3517"}],"wp:attachment":[{"href":"https:\/\/hogarenlamontana.com\/en\/wp-json\/wp\/v2\/media?parent=2992"}],"curies":[{"name":"wp","href":"https:\/\/api.w.org\/{rel}","templated":true}]}}